{"id":16,"date":"2020-07-27T11:31:40","date_gmt":"2020-07-27T14:31:40","guid":{"rendered":"http:\/\/zozimotavares.com\/site\/?page_id=16"},"modified":"2020-08-02T23:26:32","modified_gmt":"2020-08-03T02:26:32","slug":"o-jornalista","status":"publish","type":"page","link":"https:\/\/zozimotavares.com\/site\/o-jornalista\/","title":{"rendered":"O Jornalista"},"content":{"rendered":"\n<h2 class=\"wp-block-heading\"><strong>A Hist\u00f3ria<\/strong><\/h2>\n\n\n\n<div class=\"wp-block-image\"><figure class=\"alignleft size-large is-resized\"><img loading=\"lazy\" decoding=\"async\" src=\"https:\/\/zozimotavares.com\/site\/wp-content\/uploads\/2020\/08\/WhatsApp-Image-2020-07-26-at-10.50.47-1.jpeg\" alt=\"\" class=\"wp-image-308\" width=\"317\" height=\"321\" srcset=\"https:\/\/zozimotavares.com\/site\/wp-content\/uploads\/2020\/08\/WhatsApp-Image-2020-07-26-at-10.50.47-1.jpeg 500w, https:\/\/zozimotavares.com\/site\/wp-content\/uploads\/2020\/08\/WhatsApp-Image-2020-07-26-at-10.50.47-1-296x300.jpeg 296w, https:\/\/zozimotavares.com\/site\/wp-content\/uploads\/2020\/08\/WhatsApp-Image-2020-07-26-at-10.50.47-1-144x146.jpeg 144w, https:\/\/zozimotavares.com\/site\/wp-content\/uploads\/2020\/08\/WhatsApp-Image-2020-07-26-at-10.50.47-1-50x50.jpeg 50w, https:\/\/zozimotavares.com\/site\/wp-content\/uploads\/2020\/08\/WhatsApp-Image-2020-07-26-at-10.50.47-1-74x75.jpeg 74w, https:\/\/zozimotavares.com\/site\/wp-content\/uploads\/2020\/08\/WhatsApp-Image-2020-07-26-at-10.50.47-1-85x85.jpeg 85w, https:\/\/zozimotavares.com\/site\/wp-content\/uploads\/2020\/08\/WhatsApp-Image-2020-07-26-at-10.50.47-1-80x80.jpeg 80w\" sizes=\"auto, (max-width:767px) 317px, 317px\" \/><\/figure><\/div>\n\n\n\n<p class=\"texto-justificado\">Z\u00f3zimo Tavares tem 40 anos de profiss\u00e3o, completados em agosto de 2020. Sua primeira reda\u00e7\u00e3o foi a do jornal O Dia, de Teresina, onde come\u00e7ou em 1\u00ba de agosto de 1980 como revisor de telex. Corrigia os despachos das ag\u00eancias de not\u00edcias transmitidos via telex para a reda\u00e7\u00e3o.<\/p>\n\n\n\n<p class=\"texto-justificado\">\u00c0 maneira de um telegrama, os textos chegavam em caixa alta (letras mai\u00fasculas). A miss\u00e3o do revisor era marcar para o setor de composi\u00e7\u00e3o o que efetivamente deveria ficar em mai\u00fasculas, bem como observar a acentua\u00e7\u00e3o, pois o texto original n\u00e3o trazia cedilha, circunflexo nem til.&nbsp;<\/p>\n\n\n\n<p class=\"texto-justificado\">As ag\u00eancias mandavam, al\u00e9m de not\u00edcias, artigos, cr\u00f4nicas e outras modalidades de textos jornal\u00edsticos. Foi da observa\u00e7\u00e3o atenta desse material e de suas varia\u00e7\u00f5es que tirou as matrizes do seu texto quando foi transferido para a reportagem.<\/p>\n\n\n\n<p class=\"texto-justificado\">Antes de ser contratado como jornalista, aos 18 anos, trazia a experi\u00eancia da publica\u00e7\u00e3o de um jornalzinho mimeografado editado em \u00c1gua Branca pelo grupo de jovens.<\/p>\n\n\n\n<p class=\"texto-justificado\">Era nesse jornalzinho que exercitava os conhecimentos adquiridos atrav\u00e9s de um curso de jornalismo por correspond\u00eancia que fez quando tinha 15 anos, morando ainda em \u00c1gua Branca.<\/p>\n","protected":false},"excerpt":{"rendered":"<p>A Hist\u00f3ria Z\u00f3zimo Tavares tem 40 anos de profiss\u00e3o, completados em agosto de 2020. Sua primeira reda\u00e7\u00e3o foi a do jornal O Dia, de Teresina, onde<span class=\"excerpt-hellip\"> [\u2026]<\/span><\/p>\n","protected":false},"author":1,"featured_media":0,"parent":0,"menu_order":0,"comment_status":"closed","ping_status":"closed","template":"","meta":{"footnotes":""},"class_list":["post-16","page","type-page","status-publish","hentry"],"_links":{"self":[{"href":"https:\/\/zozimotavares.com\/site\/wp-json\/wp\/v2\/pages\/16","targetHints":{"allow":["GET"]}}],"collection":[{"href":"https:\/\/zozimotavares.com\/site\/wp-json\/wp\/v2\/pages"}],"about":[{"href":"https:\/\/zozimotavares.com\/site\/wp-json\/wp\/v2\/types\/page"}],"author":[{"embeddable":true,"href":"https:\/\/zozimotavares.com\/site\/wp-json\/wp\/v2\/users\/1"}],"replies":[{"embeddable":true,"href":"https:\/\/zozimotavares.com\/site\/wp-json\/wp\/v2\/comments?post=16"}],"version-history":[{"count":7,"href":"https:\/\/zozimotavares.com\/site\/wp-json\/wp\/v2\/pages\/16\/revisions"}],"predecessor-version":[{"id":366,"href":"https:\/\/zozimotavares.com\/site\/wp-json\/wp\/v2\/pages\/16\/revisions\/366"}],"wp:attachment":[{"href":"https:\/\/zozimotavares.com\/site\/wp-json\/wp\/v2\/media?parent=16"}],"curies":[{"name":"wp","href":"https:\/\/api.w.org\/{rel}","templated":true}]}}