{"id":12,"date":"2020-07-27T11:16:44","date_gmt":"2020-07-27T14:16:44","guid":{"rendered":"http:\/\/zozimotavares.com\/site\/?page_id=12"},"modified":"2020-08-02T22:49:56","modified_gmt":"2020-08-03T01:49:56","slug":"o-escritor","status":"publish","type":"page","link":"https:\/\/zozimotavares.com\/site\/o-escritor\/","title":{"rendered":"O Escritor"},"content":{"rendered":"\n<div class=\"wp-block-image\"><figure class=\"alignleft size-large is-resized\"><img loading=\"lazy\" decoding=\"async\" src=\"https:\/\/zozimotavares.com\/site\/wp-content\/uploads\/2020\/08\/zt-capa-1.jpg\" alt=\"\" class=\"wp-image-307\" width=\"356\" height=\"196\" srcset=\"https:\/\/zozimotavares.com\/site\/wp-content\/uploads\/2020\/08\/zt-capa-1.jpg 790w, https:\/\/zozimotavares.com\/site\/wp-content\/uploads\/2020\/08\/zt-capa-1-300x166.jpg 300w, https:\/\/zozimotavares.com\/site\/wp-content\/uploads\/2020\/08\/zt-capa-1-768x424.jpg 768w, https:\/\/zozimotavares.com\/site\/wp-content\/uploads\/2020\/08\/zt-capa-1-260x143.jpg 260w, https:\/\/zozimotavares.com\/site\/wp-content\/uploads\/2020\/08\/zt-capa-1-50x28.jpg 50w, https:\/\/zozimotavares.com\/site\/wp-content\/uploads\/2020\/08\/zt-capa-1-136x75.jpg 136w\" sizes=\"auto, (max-width:767px) 356px, 356px\" \/><\/figure><\/div>\n\n\n\n<p class=\"texto-justificado\">O jornalista Z\u00f3zimo Tavares comemorou em 2019 os 30 anos de sua carreira liter\u00e1ria com uma exposi\u00e7\u00e3o montada no Sal\u00e3o do Livro do Piau\u00ed (SaLiPi), no Espa\u00e7o Cultural Rosa dos Ventos, na Universidade Federal do Piau\u00ed.<\/p>\n\n\n\n<p class=\"texto-justificado\">A exposi\u00e7\u00e3o sobre o escritor foi um dos espa\u00e7os mais visitados do Salipi.<\/p>\n\n\n\n<p class=\"texto-justificado\">A mostra foi levada em seguida para o Centro de Educa\u00e7\u00e3o de Tempo Integral Monsenhor Boson, em \u00c1gua Branca, a sua primeira escola.<\/p>\n\n\n\n<p class=\"texto-justificado\">Tamb\u00e9m foi montada na Universidade Estadual do Piau\u00ed (Uespi), Campus Piraj\u00e1.<\/p>\n\n\n\n<p class=\"texto-justificado\">Depois, foi levada aos Sal\u00f5es do Livro de Valen\u00e7a (SaliVa), Bom Jesus (SaLiBom) e Parna\u00edba (SaLiPa).<\/p>\n\n\n\n<figure class=\"wp-block-gallery columns-3 is-cropped wp-block-gallery-1 is-layout-flex wp-block-gallery-is-layout-flex\"><ul class=\"blocks-gallery-grid\"><li class=\"blocks-gallery-item\"><figure><a href=\"https:\/\/zozimotavares.com\/site\/wp-content\/uploads\/2020\/08\/20190619_143656-scaled.jpg\"><img loading=\"lazy\" decoding=\"async\" width=\"1024\" height=\"768\" src=\"https:\/\/zozimotavares.com\/site\/wp-content\/uploads\/2020\/08\/20190619_143656-1024x768.jpg\" alt=\"\" data-id=\"328\" data-full-url=\"https:\/\/zozimotavares.com\/site\/wp-content\/uploads\/2020\/08\/20190619_143656-scaled.jpg\" data-link=\"https:\/\/zozimotavares.com\/site\/o-escritor\/20190619_143656\/\" class=\"wp-image-328\" srcset=\"https:\/\/zozimotavares.com\/site\/wp-content\/uploads\/2020\/08\/20190619_143656-1024x768.jpg 1024w, https:\/\/zozimotavares.com\/site\/wp-content\/uploads\/2020\/08\/20190619_143656-300x225.jpg 300w, https:\/\/zozimotavares.com\/site\/wp-content\/uploads\/2020\/08\/20190619_143656-768x576.jpg 768w, https:\/\/zozimotavares.com\/site\/wp-content\/uploads\/2020\/08\/20190619_143656-1536x1152.jpg 1536w, https:\/\/zozimotavares.com\/site\/wp-content\/uploads\/2020\/08\/20190619_143656-2048x1536.jpg 2048w, https:\/\/zozimotavares.com\/site\/wp-content\/uploads\/2020\/08\/20190619_143656-195x146.jpg 195w, https:\/\/zozimotavares.com\/site\/wp-content\/uploads\/2020\/08\/20190619_143656-50x38.jpg 50w, https:\/\/zozimotavares.com\/site\/wp-content\/uploads\/2020\/08\/20190619_143656-100x75.jpg 100w\" sizes=\"auto, (max-width:767px) 480px, (max-width:1024px) 100vw, 1024px\" \/><\/a><\/figure><\/li><li class=\"blocks-gallery-item\"><figure><a href=\"https:\/\/zozimotavares.com\/site\/wp-content\/uploads\/2020\/08\/EXPO-AGB1-scaled.jpg\"><img loading=\"lazy\" decoding=\"async\" width=\"1024\" height=\"768\" src=\"https:\/\/zozimotavares.com\/site\/wp-content\/uploads\/2020\/08\/EXPO-AGB1-1024x768.jpg\" alt=\"\" data-id=\"329\" data-full-url=\"https:\/\/zozimotavares.com\/site\/wp-content\/uploads\/2020\/08\/EXPO-AGB1-scaled.jpg\" data-link=\"https:\/\/zozimotavares.com\/site\/o-escritor\/expo-agb1\/\" class=\"wp-image-329\" srcset=\"https:\/\/zozimotavares.com\/site\/wp-content\/uploads\/2020\/08\/EXPO-AGB1-1024x768.jpg 1024w, https:\/\/zozimotavares.com\/site\/wp-content\/uploads\/2020\/08\/EXPO-AGB1-300x225.jpg 300w, https:\/\/zozimotavares.com\/site\/wp-content\/uploads\/2020\/08\/EXPO-AGB1-768x576.jpg 768w, https:\/\/zozimotavares.com\/site\/wp-content\/uploads\/2020\/08\/EXPO-AGB1-1536x1152.jpg 1536w, https:\/\/zozimotavares.com\/site\/wp-content\/uploads\/2020\/08\/EXPO-AGB1-2048x1536.jpg 2048w, https:\/\/zozimotavares.com\/site\/wp-content\/uploads\/2020\/08\/EXPO-AGB1-195x146.jpg 195w, https:\/\/zozimotavares.com\/site\/wp-content\/uploads\/2020\/08\/EXPO-AGB1-50x38.jpg 50w, https:\/\/zozimotavares.com\/site\/wp-content\/uploads\/2020\/08\/EXPO-AGB1-100x75.jpg 100w\" sizes=\"auto, (max-width:767px) 480px, (max-width:1024px) 100vw, 1024px\" \/><\/a><\/figure><\/li><li class=\"blocks-gallery-item\"><figure><a href=\"https:\/\/zozimotavares.com\/site\/wp-content\/uploads\/2020\/08\/EXPO-AGB2-scaled.jpg\"><img loading=\"lazy\" decoding=\"async\" width=\"1024\" height=\"768\" src=\"https:\/\/zozimotavares.com\/site\/wp-content\/uploads\/2020\/08\/EXPO-AGB2-1024x768.jpg\" alt=\"\" data-id=\"331\" data-full-url=\"https:\/\/zozimotavares.com\/site\/wp-content\/uploads\/2020\/08\/EXPO-AGB2-scaled.jpg\" data-link=\"https:\/\/zozimotavares.com\/site\/o-escritor\/expo-agb2\/\" class=\"wp-image-331\" srcset=\"https:\/\/zozimotavares.com\/site\/wp-content\/uploads\/2020\/08\/EXPO-AGB2-1024x768.jpg 1024w, https:\/\/zozimotavares.com\/site\/wp-content\/uploads\/2020\/08\/EXPO-AGB2-300x225.jpg 300w, https:\/\/zozimotavares.com\/site\/wp-content\/uploads\/2020\/08\/EXPO-AGB2-768x576.jpg 768w, https:\/\/zozimotavares.com\/site\/wp-content\/uploads\/2020\/08\/EXPO-AGB2-1536x1152.jpg 1536w, https:\/\/zozimotavares.com\/site\/wp-content\/uploads\/2020\/08\/EXPO-AGB2-2048x1536.jpg 2048w, https:\/\/zozimotavares.com\/site\/wp-content\/uploads\/2020\/08\/EXPO-AGB2-195x146.jpg 195w, https:\/\/zozimotavares.com\/site\/wp-content\/uploads\/2020\/08\/EXPO-AGB2-50x38.jpg 50w, https:\/\/zozimotavares.com\/site\/wp-content\/uploads\/2020\/08\/EXPO-AGB2-100x75.jpg 100w\" sizes=\"auto, (max-width:767px) 480px, (max-width:1024px) 100vw, 1024px\" \/><\/a><\/figure><\/li><li class=\"blocks-gallery-item\"><figure><a href=\"https:\/\/zozimotavares.com\/site\/wp-content\/uploads\/2020\/08\/EXPO-agb5.jpg\"><img loading=\"lazy\" decoding=\"async\" width=\"960\" height=\"885\" src=\"https:\/\/zozimotavares.com\/site\/wp-content\/uploads\/2020\/08\/EXPO-agb5.jpg\" alt=\"\" data-id=\"332\" data-full-url=\"https:\/\/zozimotavares.com\/site\/wp-content\/uploads\/2020\/08\/EXPO-agb5.jpg\" data-link=\"https:\/\/zozimotavares.com\/site\/o-escritor\/expo-agb5\/\" class=\"wp-image-332\" srcset=\"https:\/\/zozimotavares.com\/site\/wp-content\/uploads\/2020\/08\/EXPO-agb5.jpg 960w, https:\/\/zozimotavares.com\/site\/wp-content\/uploads\/2020\/08\/EXPO-agb5-300x277.jpg 300w, https:\/\/zozimotavares.com\/site\/wp-content\/uploads\/2020\/08\/EXPO-agb5-768x708.jpg 768w, https:\/\/zozimotavares.com\/site\/wp-content\/uploads\/2020\/08\/EXPO-agb5-158x146.jpg 158w, https:\/\/zozimotavares.com\/site\/wp-content\/uploads\/2020\/08\/EXPO-agb5-50x46.jpg 50w, https:\/\/zozimotavares.com\/site\/wp-content\/uploads\/2020\/08\/EXPO-agb5-81x75.jpg 81w\" sizes=\"auto, (max-width:767px) 480px, (max-width:960px) 100vw, 960px\" \/><\/a><\/figure><\/li><li class=\"blocks-gallery-item\"><figure><a href=\"https:\/\/zozimotavares.com\/site\/wp-content\/uploads\/2020\/08\/expo-agb8.jpg\"><img loading=\"lazy\" decoding=\"async\" width=\"1024\" height=\"768\" src=\"https:\/\/zozimotavares.com\/site\/wp-content\/uploads\/2020\/08\/expo-agb8-1024x768.jpg\" alt=\"\" data-id=\"333\" data-full-url=\"https:\/\/zozimotavares.com\/site\/wp-content\/uploads\/2020\/08\/expo-agb8.jpg\" data-link=\"https:\/\/zozimotavares.com\/site\/o-escritor\/expo-agb8\/\" class=\"wp-image-333\" srcset=\"https:\/\/zozimotavares.com\/site\/wp-content\/uploads\/2020\/08\/expo-agb8-1024x768.jpg 1024w, https:\/\/zozimotavares.com\/site\/wp-content\/uploads\/2020\/08\/expo-agb8-300x225.jpg 300w, https:\/\/zozimotavares.com\/site\/wp-content\/uploads\/2020\/08\/expo-agb8-768x576.jpg 768w, https:\/\/zozimotavares.com\/site\/wp-content\/uploads\/2020\/08\/expo-agb8-1536x1152.jpg 1536w, https:\/\/zozimotavares.com\/site\/wp-content\/uploads\/2020\/08\/expo-agb8-195x146.jpg 195w, https:\/\/zozimotavares.com\/site\/wp-content\/uploads\/2020\/08\/expo-agb8-50x38.jpg 50w, https:\/\/zozimotavares.com\/site\/wp-content\/uploads\/2020\/08\/expo-agb8-100x75.jpg 100w, https:\/\/zozimotavares.com\/site\/wp-content\/uploads\/2020\/08\/expo-agb8.jpg 2048w\" sizes=\"auto, (max-width:767px) 480px, (max-width:1024px) 100vw, 1024px\" \/><\/a><\/figure><\/li><\/ul><\/figure>\n\n\n\n<h2 class=\"wp-block-heading\"><strong>A exposi\u00e7\u00e3o<\/strong><\/h2>\n\n\n\n<p class=\"texto-justificado\">Intitulada \u201cZ\u00f3zimo Tavares \u2013 30 anos de trajet\u00f3ria liter\u00e1ria\u201d, a exposi\u00e7\u00e3o reuniu, em dez pain\u00e9is, fotos sobre lan\u00e7amentos de livros do escritor, charges e depoimentos sobre a sua obra, al\u00e9m da cronologia da publica\u00e7\u00e3o de seus livros e de suas frases de humor.<\/p>\n\n\n\n<p class=\"texto-justificado\">Foi a segunda exposi\u00e7\u00e3o sobre a atividade liter\u00e1ria de Z\u00f3zimo Tavares. A primeira foi no Sal\u00e3o Internacional de Humor do Piau\u00ed, em 2006, quando frases de seu livro \u201cFilosofia Barata\u201d foram ilustradas por chargistas e cartunistas e transformadas em pain\u00e9is expostos na Pra\u00e7a Pedro II, alcan\u00e7ando tamb\u00e9m grande visita\u00e7\u00e3o.<\/p>\n\n\n\n<figure class=\"wp-block-gallery columns-3 is-cropped wp-block-gallery-2 is-layout-flex wp-block-gallery-is-layout-flex\"><ul class=\"blocks-gallery-grid\"><li class=\"blocks-gallery-item\"><figure><a href=\"https:\/\/zozimotavares.com\/site\/wp-content\/uploads\/2020\/08\/20190619_141834-scaled.jpg\"><img loading=\"lazy\" decoding=\"async\" width=\"1024\" height=\"768\" src=\"https:\/\/zozimotavares.com\/site\/wp-content\/uploads\/2020\/08\/20190619_141834-1024x768.jpg\" alt=\"\" data-id=\"317\" data-full-url=\"https:\/\/zozimotavares.com\/site\/wp-content\/uploads\/2020\/08\/20190619_141834-scaled.jpg\" data-link=\"https:\/\/zozimotavares.com\/site\/o-escritor\/20190619_141834\/\" class=\"wp-image-317\" srcset=\"https:\/\/zozimotavares.com\/site\/wp-content\/uploads\/2020\/08\/20190619_141834-1024x768.jpg 1024w, https:\/\/zozimotavares.com\/site\/wp-content\/uploads\/2020\/08\/20190619_141834-300x225.jpg 300w, https:\/\/zozimotavares.com\/site\/wp-content\/uploads\/2020\/08\/20190619_141834-768x576.jpg 768w, https:\/\/zozimotavares.com\/site\/wp-content\/uploads\/2020\/08\/20190619_141834-1536x1152.jpg 1536w, https:\/\/zozimotavares.com\/site\/wp-content\/uploads\/2020\/08\/20190619_141834-2048x1536.jpg 2048w, https:\/\/zozimotavares.com\/site\/wp-content\/uploads\/2020\/08\/20190619_141834-195x146.jpg 195w, https:\/\/zozimotavares.com\/site\/wp-content\/uploads\/2020\/08\/20190619_141834-50x38.jpg 50w, https:\/\/zozimotavares.com\/site\/wp-content\/uploads\/2020\/08\/20190619_141834-100x75.jpg 100w\" sizes=\"auto, (max-width:767px) 480px, (max-width:1024px) 100vw, 1024px\" \/><\/a><\/figure><\/li><li class=\"blocks-gallery-item\"><figure><a href=\"https:\/\/zozimotavares.com\/site\/wp-content\/uploads\/2020\/08\/expo-salip2.jpg\"><img loading=\"lazy\" decoding=\"async\" width=\"960\" height=\"720\" src=\"https:\/\/zozimotavares.com\/site\/wp-content\/uploads\/2020\/08\/expo-salip2.jpg\" alt=\"\" data-id=\"318\" data-full-url=\"https:\/\/zozimotavares.com\/site\/wp-content\/uploads\/2020\/08\/expo-salip2.jpg\" data-link=\"https:\/\/zozimotavares.com\/site\/o-escritor\/expo-salip2\/\" class=\"wp-image-318\" srcset=\"https:\/\/zozimotavares.com\/site\/wp-content\/uploads\/2020\/08\/expo-salip2.jpg 960w, https:\/\/zozimotavares.com\/site\/wp-content\/uploads\/2020\/08\/expo-salip2-300x225.jpg 300w, https:\/\/zozimotavares.com\/site\/wp-content\/uploads\/2020\/08\/expo-salip2-768x576.jpg 768w, https:\/\/zozimotavares.com\/site\/wp-content\/uploads\/2020\/08\/expo-salip2-195x146.jpg 195w, https:\/\/zozimotavares.com\/site\/wp-content\/uploads\/2020\/08\/expo-salip2-50x38.jpg 50w, https:\/\/zozimotavares.com\/site\/wp-content\/uploads\/2020\/08\/expo-salip2-100x75.jpg 100w\" sizes=\"auto, (max-width:767px) 480px, (max-width:960px) 100vw, 960px\" \/><\/a><\/figure><\/li><li class=\"blocks-gallery-item\"><figure><a href=\"https:\/\/zozimotavares.com\/site\/wp-content\/uploads\/2020\/08\/expo-salip3.jpg\"><img loading=\"lazy\" decoding=\"async\" width=\"960\" height=\"720\" src=\"https:\/\/zozimotavares.com\/site\/wp-content\/uploads\/2020\/08\/expo-salip3.jpg\" alt=\"\" data-id=\"319\" data-full-url=\"https:\/\/zozimotavares.com\/site\/wp-content\/uploads\/2020\/08\/expo-salip3.jpg\" data-link=\"https:\/\/zozimotavares.com\/site\/o-escritor\/expo-salip3\/\" class=\"wp-image-319\" srcset=\"https:\/\/zozimotavares.com\/site\/wp-content\/uploads\/2020\/08\/expo-salip3.jpg 960w, https:\/\/zozimotavares.com\/site\/wp-content\/uploads\/2020\/08\/expo-salip3-300x225.jpg 300w, https:\/\/zozimotavares.com\/site\/wp-content\/uploads\/2020\/08\/expo-salip3-768x576.jpg 768w, https:\/\/zozimotavares.com\/site\/wp-content\/uploads\/2020\/08\/expo-salip3-195x146.jpg 195w, https:\/\/zozimotavares.com\/site\/wp-content\/uploads\/2020\/08\/expo-salip3-50x38.jpg 50w, https:\/\/zozimotavares.com\/site\/wp-content\/uploads\/2020\/08\/expo-salip3-100x75.jpg 100w\" sizes=\"auto, (max-width:767px) 480px, (max-width:960px) 100vw, 960px\" \/><\/a><\/figure><\/li><li class=\"blocks-gallery-item\"><figure><a href=\"https:\/\/zozimotavares.com\/site\/wp-content\/uploads\/2020\/08\/expo-salip5.jpg\"><img loading=\"lazy\" decoding=\"async\" width=\"960\" height=\"640\" src=\"https:\/\/zozimotavares.com\/site\/wp-content\/uploads\/2020\/08\/expo-salip5.jpg\" alt=\"\" data-id=\"320\" data-full-url=\"https:\/\/zozimotavares.com\/site\/wp-content\/uploads\/2020\/08\/expo-salip5.jpg\" data-link=\"https:\/\/zozimotavares.com\/site\/o-escritor\/expo-salip5\/\" class=\"wp-image-320\" srcset=\"https:\/\/zozimotavares.com\/site\/wp-content\/uploads\/2020\/08\/expo-salip5.jpg 960w, https:\/\/zozimotavares.com\/site\/wp-content\/uploads\/2020\/08\/expo-salip5-300x200.jpg 300w, https:\/\/zozimotavares.com\/site\/wp-content\/uploads\/2020\/08\/expo-salip5-768x512.jpg 768w, https:\/\/zozimotavares.com\/site\/wp-content\/uploads\/2020\/08\/expo-salip5-219x146.jpg 219w, https:\/\/zozimotavares.com\/site\/wp-content\/uploads\/2020\/08\/expo-salip5-50x33.jpg 50w, https:\/\/zozimotavares.com\/site\/wp-content\/uploads\/2020\/08\/expo-salip5-113x75.jpg 113w\" sizes=\"auto, (max-width:767px) 480px, (max-width:960px) 100vw, 960px\" \/><\/a><\/figure><\/li><li class=\"blocks-gallery-item\"><figure><a href=\"https:\/\/zozimotavares.com\/site\/wp-content\/uploads\/2020\/08\/expo-salip6.jpg\"><img loading=\"lazy\" decoding=\"async\" width=\"960\" height=\"540\" src=\"https:\/\/zozimotavares.com\/site\/wp-content\/uploads\/2020\/08\/expo-salip6.jpg\" alt=\"\" data-id=\"321\" data-full-url=\"https:\/\/zozimotavares.com\/site\/wp-content\/uploads\/2020\/08\/expo-salip6.jpg\" data-link=\"https:\/\/zozimotavares.com\/site\/o-escritor\/expo-salip6\/\" class=\"wp-image-321\" srcset=\"https:\/\/zozimotavares.com\/site\/wp-content\/uploads\/2020\/08\/expo-salip6.jpg 960w, https:\/\/zozimotavares.com\/site\/wp-content\/uploads\/2020\/08\/expo-salip6-300x169.jpg 300w, https:\/\/zozimotavares.com\/site\/wp-content\/uploads\/2020\/08\/expo-salip6-768x432.jpg 768w, https:\/\/zozimotavares.com\/site\/wp-content\/uploads\/2020\/08\/expo-salip6-260x146.jpg 260w, https:\/\/zozimotavares.com\/site\/wp-content\/uploads\/2020\/08\/expo-salip6-50x28.jpg 50w, https:\/\/zozimotavares.com\/site\/wp-content\/uploads\/2020\/08\/expo-salip6-133x75.jpg 133w\" sizes=\"auto, (max-width:767px) 480px, (max-width:960px) 100vw, 960px\" \/><\/a><\/figure><\/li><li class=\"blocks-gallery-item\"><figure><a href=\"https:\/\/zozimotavares.com\/site\/wp-content\/uploads\/2020\/08\/expo-salipi8.jpg\"><img loading=\"lazy\" decoding=\"async\" width=\"1024\" height=\"945\" src=\"https:\/\/zozimotavares.com\/site\/wp-content\/uploads\/2020\/08\/expo-salipi8-1024x945.jpg\" alt=\"\" data-id=\"322\" data-full-url=\"https:\/\/zozimotavares.com\/site\/wp-content\/uploads\/2020\/08\/expo-salipi8.jpg\" data-link=\"https:\/\/zozimotavares.com\/site\/o-escritor\/expo-salipi8\/\" class=\"wp-image-322\" srcset=\"https:\/\/zozimotavares.com\/site\/wp-content\/uploads\/2020\/08\/expo-salipi8-1024x945.jpg 1024w, https:\/\/zozimotavares.com\/site\/wp-content\/uploads\/2020\/08\/expo-salipi8-300x277.jpg 300w, https:\/\/zozimotavares.com\/site\/wp-content\/uploads\/2020\/08\/expo-salipi8-768x709.jpg 768w, https:\/\/zozimotavares.com\/site\/wp-content\/uploads\/2020\/08\/expo-salipi8-158x146.jpg 158w, https:\/\/zozimotavares.com\/site\/wp-content\/uploads\/2020\/08\/expo-salipi8-50x46.jpg 50w, https:\/\/zozimotavares.com\/site\/wp-content\/uploads\/2020\/08\/expo-salipi8-81x75.jpg 81w, https:\/\/zozimotavares.com\/site\/wp-content\/uploads\/2020\/08\/expo-salipi8.jpg 1280w\" sizes=\"auto, (max-width:767px) 480px, (max-width:1024px) 100vw, 1024px\" \/><\/a><\/figure><\/li><\/ul><\/figure>\n\n\n\n<h2 class=\"wp-block-heading\"><strong>A trajet\u00f3ria<\/strong><\/h2>\n\n\n\n<p class=\"texto-justificado\">Iniciou sua carreira liter\u00e1ria em 1989, com a publica\u00e7\u00e3o do livro \u201cFalem Mal, Mas Falem de Mim\u201d, de humor pol\u00edtico, que j\u00e1 alcan\u00e7ou a sua 3\u00aa. edi\u00e7\u00e3o.<\/p>\n\n\n\n<p class=\"texto-justificado\">Nestas tr\u00eas d\u00e9cadas de atividade liter\u00e1ria, publicou com regularidade livros de <strong>humor<\/strong>, <strong>cordel<\/strong>, <strong>jornalismo<\/strong>, <strong>literatura<\/strong> e <strong>biografias<\/strong>.<\/p>\n\n\n\n<p class=\"texto-justificado\">Desde 2002, ocupa a Cadeira 34 da <strong>Academia Piauiense de Letras<\/strong>, da qual \u00e9 presidente desde janeiro de 2020.<\/p>\n","protected":false},"excerpt":{"rendered":"<p>O jornalista Z\u00f3zimo Tavares comemorou em 2019 os 30 anos de sua carreira liter\u00e1ria com uma exposi\u00e7\u00e3o montada no Sal\u00e3o do Livro do Piau\u00ed (SaLiPi), no<span class=\"excerpt-hellip\"> [\u2026]<\/span><\/p>\n","protected":false},"author":1,"featured_media":0,"parent":0,"menu_order":0,"comment_status":"closed","ping_status":"closed","template":"","meta":{"footnotes":""},"class_list":["post-12","page","type-page","status-publish","hentry"],"_links":{"self":[{"href":"https:\/\/zozimotavares.com\/site\/wp-json\/wp\/v2\/pages\/12","targetHints":{"allow":["GET"]}}],"collection":[{"href":"https:\/\/zozimotavares.com\/site\/wp-json\/wp\/v2\/pages"}],"about":[{"href":"https:\/\/zozimotavares.com\/site\/wp-json\/wp\/v2\/types\/page"}],"author":[{"embeddable":true,"href":"https:\/\/zozimotavares.com\/site\/wp-json\/wp\/v2\/users\/1"}],"replies":[{"embeddable":true,"href":"https:\/\/zozimotavares.com\/site\/wp-json\/wp\/v2\/comments?post=12"}],"version-history":[{"count":9,"href":"https:\/\/zozimotavares.com\/site\/wp-json\/wp\/v2\/pages\/12\/revisions"}],"predecessor-version":[{"id":349,"href":"https:\/\/zozimotavares.com\/site\/wp-json\/wp\/v2\/pages\/12\/revisions\/349"}],"wp:attachment":[{"href":"https:\/\/zozimotavares.com\/site\/wp-json\/wp\/v2\/media?parent=12"}],"curies":[{"name":"wp","href":"https:\/\/api.w.org\/{rel}","templated":true}]}}